{"id":1082,"date":"2026-01-03T16:35:50","date_gmt":"2026-01-03T16:35:50","guid":{"rendered":"https:\/\/web59.tcparisnanterre.fr\/?page_id=1082"},"modified":"2026-01-08T22:30:46","modified_gmt":"2026-01-08T22:30:46","slug":"article-perdre-une-amie-fait-aussi-mal-quun-amour","status":"publish","type":"page","link":"https:\/\/web59.tcparisnanterre.fr\/index.php\/article-perdre-une-amie-fait-aussi-mal-quun-amour\/","title":{"rendered":"Article \u00ab\u00a0PERDRE UNE AMIE FAIT AUSSI MAL QU\u2019UN AMOUR\u00a0\u00bb"},"content":{"rendered":"\t\t<div data-elementor-type=\"wp-page\" data-elementor-id=\"1082\" class=\"elementor elementor-1082\" data-elementor-settings=\"{&quot;ha_cmc_init_switcher&quot;:&quot;no&quot;}\" data-elementor-post-type=\"page\">\n\t\t\t\t<div class=\"elementor-element elementor-element-246246e e-con-full e-flex e-con e-parent\" data-id=\"246246e\" data-element_type=\"container\" data-settings=\"{&quot;background_background&quot;:&quot;classic&quot;,&quot;_ha_eqh_enable&quot;:false}\">\n\t\t<div class=\"elementor-element elementor-element-e00791c e-flex e-con-boxed e-con e-child\" data-id=\"e00791c\" data-element_type=\"container\" data-settings=\"{&quot;background_background&quot;:&quot;classic&quot;,&quot;_ha_eqh_enable&quot;:false}\">\n\t\t\t\t\t<div class=\"e-con-inner\">\n\t\t<div class=\"elementor-element elementor-element-374e6c1 e-con-full e-flex e-con e-child\" data-id=\"374e6c1\" data-element_type=\"container\" data-settings=\"{&quot;_ha_eqh_enable&quot;:false}\">\n\t\t\t\t<div class=\"elementor-element elementor-element-f2808a8 elementor-widget elementor-widget-image\" data-id=\"f2808a8\" data-element_type=\"widget\" data-widget_type=\"image.default\">\n\t\t\t\t\t\t\t\t\t\t\t\t\t\t\t\t\t<img fetchpriority=\"high\" decoding=\"async\" width=\"596\" height=\"427\" src=\"https:\/\/web59.tcparisnanterre.fr\/wp-content\/uploads\/2026\/01\/undefined-14.jpg\" class=\"attachment-large size-large wp-image-1084\" alt=\"\" srcset=\"https:\/\/web59.tcparisnanterre.fr\/wp-content\/uploads\/2026\/01\/undefined-14.jpg 596w, https:\/\/web59.tcparisnanterre.fr\/wp-content\/uploads\/2026\/01\/undefined-14-300x215.jpg 300w\" sizes=\"(max-width: 596px) 100vw, 596px\" \/>\t\t\t\t\t\t\t\t\t\t\t\t\t\t\t<\/div>\n\t\t\t\t<\/div>\n\t\t<div class=\"elementor-element elementor-element-a9865a9 e-con-full e-flex e-con e-child\" data-id=\"a9865a9\" data-element_type=\"container\" data-settings=\"{&quot;_ha_eqh_enable&quot;:false}\">\n\t\t\t\t<div class=\"elementor-element elementor-element-c4a0bc6 elementor-widget elementor-widget-heading\" data-id=\"c4a0bc6\" data-element_type=\"widget\" data-widget_type=\"heading.default\">\n\t\t\t\t\t\t\t<h2 class=\"elementor-heading-title elementor-size-default\">Perdre une amie fait aussi mal qu'un amour<\/h2>\t\t\t\t<\/div>\n\t\t<div class=\"elementor-element elementor-element-0ced99c e-con-full e-flex e-con e-child\" data-id=\"0ced99c\" data-element_type=\"container\" data-settings=\"{&quot;_ha_eqh_enable&quot;:false}\">\n\t\t<div class=\"elementor-element elementor-element-565166d e-con-full e-flex e-con e-child\" data-id=\"565166d\" data-element_type=\"container\" data-settings=\"{&quot;_ha_eqh_enable&quot;:false}\">\n\t\t\t\t<div class=\"elementor-element elementor-element-fbac74b elementor-widget elementor-widget-text-editor\" data-id=\"fbac74b\" data-element_type=\"widget\" data-widget_type=\"text-editor.default\">\n\t\t\t\t\t\t\t\t\t\t\t<p>Par <span style=\"font-weight: 400;\"><strong>Dr. Camille Moreau<\/strong>, psychologue sp\u00e9cialis\u00e9e en relations et attachement<\/span><\/p>\t\t\t\t\t\t\t\t<\/div>\n\t\t\t\t<\/div>\n\t\t<div class=\"elementor-element elementor-element-3a4ba4b e-con-full e-flex e-con e-child\" data-id=\"3a4ba4b\" data-element_type=\"container\" data-settings=\"{&quot;_ha_eqh_enable&quot;:false}\">\n\t\t\t\t<div class=\"elementor-element elementor-element-d3243d7 elementor-widget elementor-widget-text-editor\" data-id=\"d3243d7\" data-element_type=\"widget\" data-widget_type=\"text-editor.default\">\n\t\t\t\t\t\t\t\t\t\t\t<p>Publi\u00e9 le 0<strong>3\/01\/2026 \u00e0 09 : 30<\/strong><\/p>\t\t\t\t\t\t\t\t<\/div>\n\t\t\t\t<\/div>\n\t\t\t\t<\/div>\n\t\t\t\t<div class=\"elementor-element elementor-element-9126cf3 elementor-widget elementor-widget-shortcode\" data-id=\"9126cf3\" data-element_type=\"widget\" data-widget_type=\"shortcode.default\">\n\t\t\t\t\t\t\t\t\t<div class=\"elementor-shortcode\"><p>Connectez-vous pour ajouter cet article en favori.<\/p>\n<\/div>\n\t\t\t\t\t\t<\/div>\n\t\t\t\t<div class=\"elementor-element elementor-element-6c145a4 elementor-widget elementor-widget-text-editor\" data-id=\"6c145a4\" data-element_type=\"widget\" data-widget_type=\"text-editor.default\">\n\t\t\t\t\t\t\t\t\t\t\t<p>On parle volontiers des <strong data-start=\"376\" data-end=\"399\">ruptures amoureuses<\/strong>. Celles qui bouleversent, qui font du bruit, qui s\u2019accompagnent de mots, de larmes et de rituels socialement reconnus. Elles sont visibles, compr\u00e9hensibles, presque attendues. Mais il existe une autre forme de perte, bien plus <strong data-start=\"628\" data-end=\"643\">silencieuse<\/strong>, souvent <strong data-start=\"653\" data-end=\"666\">minimis\u00e9e<\/strong>, et pourtant profond\u00e9ment douloureuse : <strong data-start=\"707\" data-end=\"730\">la perte d\u2019une amie<\/strong>. Une s\u00e9paration sans statut, sans cadre, sans reconnaissance, qui laisse pourtant une trace durable.<\/p>\t\t\t\t\t\t\t\t<\/div>\n\t\t\t\t<\/div>\n\t\t\t\t\t<\/div>\n\t\t\t\t<\/div>\n\t\t\t\t<\/div>\n\t\t<div class=\"elementor-element elementor-element-57648fd e-flex e-con-boxed e-con e-parent\" data-id=\"57648fd\" data-element_type=\"container\" data-settings=\"{&quot;_ha_eqh_enable&quot;:false}\">\n\t\t\t\t\t<div class=\"e-con-inner\">\n\t\t<div class=\"elementor-element elementor-element-c21d1a6 e-con-full e-flex e-con e-child\" data-id=\"c21d1a6\" data-element_type=\"container\" data-settings=\"{&quot;background_background&quot;:&quot;classic&quot;,&quot;_ha_eqh_enable&quot;:false}\">\n\t\t\t\t<div class=\"elementor-element elementor-element-8963b68 elementor-widget elementor-widget-heading\" data-id=\"8963b68\" data-element_type=\"widget\" data-widget_type=\"heading.default\">\n\t\t\t\t\t\t\t<h2 class=\"elementor-heading-title elementor-size-default\">Une s\u00e9paration sans rituel<\/h2>\t\t\t\t<\/div>\n\t\t\t\t<div class=\"elementor-element elementor-element-b691d13 elementor-drop-cap-yes elementor-drop-cap-view-default elementor-widget elementor-widget-text-editor\" data-id=\"b691d13\" data-element_type=\"widget\" data-settings=\"{&quot;drop_cap&quot;:&quot;yes&quot;}\" data-widget_type=\"text-editor.default\">\n\t\t\t\t\t\t\t\t\t\t\t<p data-start=\"919\" data-end=\"1102\">Contrairement aux relations amoureuses, les <strong data-start=\"963\" data-end=\"991\">amiti\u00e9s qui se terminent<\/strong> n\u2019ont pas de cadre.<br data-start=\"1011\" data-end=\"1014\" \/>Pas de rupture annonc\u00e9e. Pas de discussion finale. Pas de mots pour dire \u00ab c\u2019est fini \u00bb.<\/p><p data-start=\"1104\" data-end=\"1316\">Souvent, le lien s\u2019effiloche lentement :<br data-start=\"1144\" data-end=\"1147\" \/>moins de messages, des silences qui s\u2019allongent, des invitations repouss\u00e9es. L\u2019<strong data-start=\"1226\" data-end=\"1241\">\u00e9loignement<\/strong> s\u2019installe sans explication nette, laissant place \u00e0 l\u2019<strong data-start=\"1296\" data-end=\"1315\">incompr\u00e9hension<\/strong>.<\/p><p data-start=\"1318\" data-end=\"1518\">Cette absence de <strong data-start=\"1335\" data-end=\"1346\">cl\u00f4ture<\/strong> rend la douleur particuli\u00e8re.<br data-start=\"1376\" data-end=\"1379\" \/>On ne sait pas exactement quand tout s\u2019est arr\u00eat\u00e9.<br data-start=\"1429\" data-end=\"1432\" \/>Ni pourquoi.<br data-start=\"1444\" data-end=\"1447\" \/>Et surtout, on ne sait pas toujours si l\u2019on a le <strong data-start=\"1496\" data-end=\"1517\">droit d\u2019avoir mal<\/strong>.<\/p>\t\t\t\t\t\t\t\t<\/div>\n\t\t\t\t<div class=\"elementor-element elementor-element-f54c4bc elementor-widget elementor-widget-image\" data-id=\"f54c4bc\" data-element_type=\"widget\" data-widget_type=\"image.default\">\n\t\t\t\t\t\t\t\t\t\t\t\t\t\t\t\t\t<img decoding=\"async\" width=\"640\" height=\"360\" src=\"https:\/\/web59.tcparisnanterre.fr\/wp-content\/uploads\/2026\/01\/18.jpg\" class=\"attachment-full size-full wp-image-1088\" alt=\"\" srcset=\"https:\/\/web59.tcparisnanterre.fr\/wp-content\/uploads\/2026\/01\/18.jpg 640w, https:\/\/web59.tcparisnanterre.fr\/wp-content\/uploads\/2026\/01\/18-300x169.jpg 300w\" sizes=\"(max-width: 640px) 100vw, 640px\" \/>\t\t\t\t\t\t\t\t\t\t\t\t\t\t\t<\/div>\n\t\t\t\t<\/div>\n\t\t<div class=\"elementor-element elementor-element-d934605 e-con-full elementor-hidden-mobile e-flex e-con e-child\" data-id=\"d934605\" data-element_type=\"container\" data-settings=\"{&quot;motion_fx_motion_fx_scrolling&quot;:&quot;yes&quot;,&quot;motion_fx_translateY_effect&quot;:&quot;yes&quot;,&quot;motion_fx_range&quot;:&quot;viewport&quot;,&quot;_ha_eqh_enable&quot;:false,&quot;motion_fx_translateY_speed&quot;:{&quot;unit&quot;:&quot;px&quot;,&quot;size&quot;:4,&quot;sizes&quot;:[]},&quot;motion_fx_translateY_affectedRange&quot;:{&quot;unit&quot;:&quot;%&quot;,&quot;size&quot;:&quot;&quot;,&quot;sizes&quot;:{&quot;start&quot;:0,&quot;end&quot;:100}},&quot;motion_fx_devices&quot;:[&quot;desktop&quot;,&quot;tablet&quot;,&quot;mobile&quot;]}\">\n\t\t\t\t<div class=\"elementor-element elementor-element-ff734c7 elementor-widget elementor-widget-image\" data-id=\"ff734c7\" data-element_type=\"widget\" data-widget_type=\"image.default\">\n\t\t\t\t\t\t\t\t\t\t\t\t\t\t\t\t\t\t<a href=\"https:\/\/www.respire.co\/\" target=\"_blank\">\n\t\t\t\t\t\t\t<img decoding=\"async\" width=\"821\" height=\"1024\" src=\"https:\/\/web59.tcparisnanterre.fr\/wp-content\/uploads\/2026\/01\/Purify_Key_Visual_Masque_Stick_Peau_Nette_1_1-821x1024.webp\" class=\"attachment-large size-large wp-image-484\" alt=\"\" srcset=\"https:\/\/web59.tcparisnanterre.fr\/wp-content\/uploads\/2026\/01\/Purify_Key_Visual_Masque_Stick_Peau_Nette_1_1-821x1024.webp 821w, https:\/\/web59.tcparisnanterre.fr\/wp-content\/uploads\/2026\/01\/Purify_Key_Visual_Masque_Stick_Peau_Nette_1_1-240x300.webp 240w, https:\/\/web59.tcparisnanterre.fr\/wp-content\/uploads\/2026\/01\/Purify_Key_Visual_Masque_Stick_Peau_Nette_1_1-768x958.webp 768w, https:\/\/web59.tcparisnanterre.fr\/wp-content\/uploads\/2026\/01\/Purify_Key_Visual_Masque_Stick_Peau_Nette_1_1.webp 960w\" sizes=\"(max-width: 821px) 100vw, 821px\" \/>\t\t\t\t\t\t\t\t<\/a>\n\t\t\t\t\t\t\t\t\t\t\t\t\t\t\t<\/div>\n\t\t\t\t<div class=\"elementor-element elementor-element-236c560 elementor-widget elementor-widget-text-editor\" data-id=\"236c560\" data-element_type=\"widget\" data-widget_type=\"text-editor.default\">\n\t\t\t\t\t\t\t\t\t\t\t<p>Masque stick Peau Nette &#8211; Respire.co<\/p>\t\t\t\t\t\t\t\t<\/div>\n\t\t\t\t<\/div>\n\t\t\t\t\t<\/div>\n\t\t\t\t<\/div>\n\t\t<div class=\"elementor-element elementor-element-b9a2c19 e-flex e-con-boxed e-con e-parent\" data-id=\"b9a2c19\" data-element_type=\"container\" data-settings=\"{&quot;display_condition_enable&quot;:&quot;yes&quot;,&quot;_ha_eqh_enable&quot;:false}\">\n\t\t\t\t\t<div class=\"e-con-inner\">\n\t\t<div class=\"elementor-element elementor-element-e38b212 e-con-full e-flex e-con e-child\" data-id=\"e38b212\" data-element_type=\"container\" data-settings=\"{&quot;background_background&quot;:&quot;classic&quot;,&quot;display_condition_enable&quot;:&quot;yes&quot;,&quot;_ha_eqh_enable&quot;:false}\">\n\t\t\t\t<div class=\"elementor-element elementor-element-d0e7ddf elementor-align-center elementor-widget elementor-widget-button\" data-id=\"d0e7ddf\" data-element_type=\"widget\" data-widget_type=\"button.default\">\n\t\t\t\t\t\t\t\t\t\t\t\t<a class=\"elementor-button elementor-button-link elementor-size-sm\" href=\"https:\/\/web59.tcparisnanterre.fr\/index.php\/produit\/abonnement\/\">\n\t\t\t\t\t\t<span class=\"elementor-button-content-wrapper\">\n\t\t\t\t\t\t\t\t\t<span class=\"elementor-button-text\">R\u00c9SERV\u00c9 AUX MEMBRES<\/span>\n\t\t\t\t\t<\/span>\n\t\t\t\t\t<\/a>\n\t\t\t\t\t\t\t\t<\/div>\n\t\t\t\t<\/div>\n\t\t\t\t\t<\/div>\n\t\t\t\t<\/div>\n\t\t\t\t<\/div>\n\t\t","protected":false},"excerpt":{"rendered":"<p>Perdre une amie fait aussi mal qu&rsquo;un amour Par Dr. Camille Moreau, psychologue sp\u00e9cialis\u00e9e en relations et attachement Publi\u00e9 le [&hellip;]<\/p>\n","protected":false},"author":1,"featured_media":0,"parent":0,"menu_order":0,"comment_status":"closed","ping_status":"closed","template":"","meta":{"site-sidebar-layout":"no-sidebar","site-content-layout":"","ast-site-content-layout":"full-width-container","site-content-style":"default","site-sidebar-style":"default","ast-global-header-display":"","ast-banner-title-visibility":"","ast-main-header-display":"","ast-hfb-above-header-display":"","ast-hfb-below-header-display":"","ast-hfb-mobile-header-display":"","site-post-title":"disabled","ast-breadcrumbs-content":"","ast-featured-img":"disabled","footer-sml-layout":"","theme-transparent-header-meta":"","adv-header-id-meta":"","stick-header-meta":"","header-above-stick-meta":"","header-main-stick-meta":"","header-below-stick-meta":"","astra-migrate-meta-layouts":"default","ast-page-background-enabled":"default","ast-page-background-meta":{"desktop":{"background-color":"var(--ast-global-color-5)","background-image":"","background-repeat":"repeat","background-position":"center center","background-size":"auto","background-attachment":"scroll","background-type":"","background-media":"","overlay-type":"","overlay-color":"","overlay-opacity":"","overlay-gradient":""},"tablet":{"background-color":"","background-image":"","background-repeat":"repeat","background-position":"center center","background-size":"auto","background-attachment":"scroll","background-type":"","background-media":"","overlay-type":"","overlay-color":"","overlay-opacity":"","overlay-gradient":""},"mobile":{"background-color":"","background-image":"","background-repeat":"repeat","background-position":"center center","background-size":"auto","background-attachment":"scroll","background-type":"","background-media":"","overlay-type":"","overlay-color":"","overlay-opacity":"","overlay-gradient":""}},"ast-content-background-meta":{"desktop":{"background-color":"var(--ast-global-color-4)","background-image":"","background-repeat":"repeat","background-position":"center center","background-size":"auto","background-attachment":"scroll","background-type":"","background-media":"","overlay-type":"","overlay-color":"","overlay-opacity":"","overlay-gradient":""},"tablet":{"background-color":"var(--ast-global-color-4)","background-image":"","background-repeat":"repeat","background-position":"center center","background-size":"auto","background-attachment":"scroll","background-type":"","background-media":"","overlay-type":"","overlay-color":"","overlay-opacity":"","overlay-gradient":""},"mobile":{"background-color":"var(--ast-global-color-4)","background-image":"","background-repeat":"repeat","background-position":"center center","background-size":"auto","background-attachment":"scroll","background-type":"","background-media":"","overlay-type":"","overlay-color":"","overlay-opacity":"","overlay-gradient":""}},"footnotes":""},"class_list":["post-1082","page","type-page","status-publish","hentry"],"_links":{"self":[{"href":"https:\/\/web59.tcparisnanterre.fr\/index.php\/wp-json\/wp\/v2\/pages\/1082","targetHints":{"allow":["GET"]}}],"collection":[{"href":"https:\/\/web59.tcparisnanterre.fr\/index.php\/wp-json\/wp\/v2\/pages"}],"about":[{"href":"https:\/\/web59.tcparisnanterre.fr\/index.php\/wp-json\/wp\/v2\/types\/page"}],"author":[{"embeddable":true,"href":"https:\/\/web59.tcparisnanterre.fr\/index.php\/wp-json\/wp\/v2\/users\/1"}],"replies":[{"embeddable":true,"href":"https:\/\/web59.tcparisnanterre.fr\/index.php\/wp-json\/wp\/v2\/comments?post=1082"}],"version-history":[{"count":91,"href":"https:\/\/web59.tcparisnanterre.fr\/index.php\/wp-json\/wp\/v2\/pages\/1082\/revisions"}],"predecessor-version":[{"id":1917,"href":"https:\/\/web59.tcparisnanterre.fr\/index.php\/wp-json\/wp\/v2\/pages\/1082\/revisions\/1917"}],"wp:attachment":[{"href":"https:\/\/web59.tcparisnanterre.fr\/index.php\/wp-json\/wp\/v2\/media?parent=1082"}],"curies":[{"name":"wp","href":"https:\/\/api.w.org\/{rel}","templated":true}]}}