{"id":1388,"date":"2026-01-05T15:04:28","date_gmt":"2026-01-05T15:04:28","guid":{"rendered":"https:\/\/web59.tcparisnanterre.fr\/?page_id=1388"},"modified":"2026-01-05T21:06:25","modified_gmt":"2026-01-05T21:06:25","slug":"cookies","status":"publish","type":"page","link":"https:\/\/web59.tcparisnanterre.fr\/index.php\/cookies\/","title":{"rendered":"Cookies"},"content":{"rendered":"\t\t<div data-elementor-type=\"wp-page\" data-elementor-id=\"1388\" class=\"elementor elementor-1388\" data-elementor-settings=\"{&quot;ha_cmc_init_switcher&quot;:&quot;no&quot;}\" data-elementor-post-type=\"page\">\n\t\t\t\t<div class=\"elementor-element elementor-element-0d3256f e-flex e-con-boxed e-con e-parent\" data-id=\"0d3256f\" data-element_type=\"container\" data-settings=\"{&quot;_ha_eqh_enable&quot;:false}\">\n\t\t\t\t\t<div class=\"e-con-inner\">\n\t\t\t\t<div class=\"elementor-element elementor-element-c9d1de8 elementor-widget elementor-widget-heading\" data-id=\"c9d1de8\" data-element_type=\"widget\" data-widget_type=\"heading.default\">\n\t\t\t\t\t\t\t<h2 class=\"elementor-heading-title elementor-size-default\">Politique relative aux Cookies <\/h2>\t\t\t\t<\/div>\n\t\t\t\t\t<\/div>\n\t\t\t\t<\/div>\n\t\t<div class=\"elementor-element elementor-element-89eca0a e-flex e-con-boxed e-con e-parent\" data-id=\"89eca0a\" data-element_type=\"container\" data-settings=\"{&quot;_ha_eqh_enable&quot;:false}\">\n\t\t\t\t\t<div class=\"e-con-inner\">\n\t\t\t\t<div class=\"elementor-element elementor-element-4392c80 elementor-widget elementor-widget-text-editor\" data-id=\"4392c80\" data-element_type=\"widget\" data-widget_type=\"text-editor.default\">\n\t\t\t\t\t\t\t\t\t\t\t<h3 data-elementor-setting-key=\"title\" data-pen-placeholder=\"\u00c9crivez ici...\" style=\"font-size: 19px; font-style: normal; color: rgb(0, 0, 0); line-height: 38px;\"><span style=\"font-weight: normal;\">OLALA utilise des cookies afin d\u2019am\u00e9liorer l\u2019exp\u00e9rience utilisateur, mesurer l\u2019audience et proposer des contenus adapt\u00e9s.<\/span><\/h3><h3 data-elementor-setting-key=\"title\" data-pen-placeholder=\"\u00c9crivez ici...\" style=\"font-size: 19px; font-style: normal; color: rgb(0, 0, 0); line-height: 38px;\"><u>Qu\u2019est-ce qu\u2019un cookie ?&nbsp;<\/u><\/h3><h3 data-elementor-setting-key=\"title\" data-pen-placeholder=\"\u00c9crivez ici...\" style=\"font-size: 19px; font-style: normal; color: rgb(0, 0, 0); line-height: 38px;\"><span style=\"font-weight: normal;\">Un cookie est un petit fichier texte enregistr\u00e9 sur votre terminal (ordinateur, mobile, tablette) lors de la consultation d\u2019un site internet. Il permet de reconna\u00eetre votre appareil lors de vos prochaines visites.<\/span><\/h3><h3 data-elementor-setting-key=\"title\" data-pen-placeholder=\"\u00c9crivez ici...\" style=\"font-size: 19px; font-style: normal; color: rgb(0, 0, 0); line-height: 38px;\"><u>Types de cookies utilis\u00e9s ?<\/u><\/h3><h3 data-elementor-setting-key=\"title\" data-pen-placeholder=\"\u00c9crivez ici...\" style=\"font-size: 19px; font-style: normal; color: rgb(0, 0, 0); line-height: 38px;\">Le site peut utiliser les types de cookies suivants :&nbsp;<\/h3><h3 data-elementor-setting-key=\"title\" data-pen-placeholder=\"\u00c9crivez ici...\" style=\"font-size: 19px; font-style: normal; color: rgb(0, 0, 0); line-height: 38px;\">Cookies strictement n\u00e9cessaires :&nbsp;<span style=\"font-weight: normal;\">indispensables au bon fonctionnement du site.&nbsp;<\/span><\/h3><h3 data-elementor-setting-key=\"title\" data-pen-placeholder=\"\u00c9crivez ici...\" style=\"font-size: 19px; font-style: normal; color: rgb(0, 0, 0); line-height: 38px;\">Cookies de mesure d\u2019audience :&nbsp;<span style=\"font-weight: normal;\">permettent d\u2019analyser la fr\u00e9quentation et l\u2019utilisation du site afin d\u2019en am\u00e9liorer les performances.<\/span><\/h3><h3 data-elementor-setting-key=\"title\" data-pen-placeholder=\"\u00c9crivez ici...\" style=\"font-size: 19px; font-style: normal; color: rgb(0, 0, 0); line-height: 38px;\">Cookies fonctionnels :&nbsp;<span style=\"font-weight: normal;\">permettent de m\u00e9moriser vos pr\u00e9f\u00e9rences (langue, param\u00e8tres, etc.).&nbsp;<\/span><\/h3><div style=\"color: rgb(120, 155, 187);\">&nbsp;<\/div><h3 data-elementor-setting-key=\"title\" data-pen-placeholder=\"\u00c9crivez ici...\" style=\"font-size: 19px; font-style: normal; color: rgb(0, 0, 0); line-height: 38px;\"><i><u>Gestion des cookies<\/u><\/i><\/h3><h3 data-elementor-setting-key=\"title\" data-pen-placeholder=\"\u00c9crivez ici...\" style=\"font-size: 19px; font-style: normal; color: rgb(0, 0, 0); line-height: 38px;\"><span style=\"font-weight: normal;\">Lors de votre premi\u00e8re visite, un bandeau vous informe de l\u2019utilisation des cookies et vous permet de les accepter ou de les refuser. Vous pouvez \u00e9galement configurer votre navigateur pour bloquer ou supprimer les cookies \u00e0 tout moment. Le refus de certains cookies peut toutefois alt\u00e9rer le bon fonctionnement du site.<\/span><\/h3>\t\t\t\t\t\t\t\t<\/div>\n\t\t\t\t\t<\/div>\n\t\t\t\t<\/div>\n\t\t\t\t<\/div>\n\t\t","protected":false},"excerpt":{"rendered":"<p>Politique relative aux Cookies OLALA utilise des cookies afin d\u2019am\u00e9liorer l\u2019exp\u00e9rience utilisateur, mesurer l\u2019audience et proposer des contenus adapt\u00e9s. Qu\u2019est-ce [&hellip;]<\/p>\n","protected":false},"author":1,"featured_media":0,"parent":0,"menu_order":0,"comment_status":"closed","ping_status":"closed","template":"","meta":{"site-sidebar-layout":"no-sidebar","site-content-layout":"","ast-site-content-layout":"full-width-container","site-content-style":"default","site-sidebar-style":"default","ast-global-header-display":"","ast-banner-title-visibility":"","ast-main-header-display":"","ast-hfb-above-header-display":"","ast-hfb-below-header-display":"","ast-hfb-mobile-header-display":"","site-post-title":"disabled","ast-breadcrumbs-content":"","ast-featured-img":"disabled","footer-sml-layout":"","theme-transparent-header-meta":"","adv-header-id-meta":"","stick-header-meta":"","header-above-stick-meta":"","header-main-stick-meta":"","header-below-stick-meta":"","astra-migrate-meta-layouts":"default","ast-page-background-enabled":"default","ast-page-background-meta":{"desktop":{"background-color":"var(--ast-global-color-5)","background-image":"","background-repeat":"repeat","background-position":"center center","background-size":"auto","background-attachment":"scroll","background-type":"","background-media":"","overlay-type":"","overlay-color":"","overlay-opacity":"","overlay-gradient":""},"tablet":{"background-color":"","background-image":"","background-repeat":"repeat","background-position":"center center","background-size":"auto","background-attachment":"scroll","background-type":"","background-media":"","overlay-type":"","overlay-color":"","overlay-opacity":"","overlay-gradient":""},"mobile":{"background-color":"","background-image":"","background-repeat":"repeat","background-position":"center center","background-size":"auto","background-attachment":"scroll","background-type":"","background-media":"","overlay-type":"","overlay-color":"","overlay-opacity":"","overlay-gradient":""}},"ast-content-background-meta":{"desktop":{"background-color":"var(--ast-global-color-4)","background-image":"","background-repeat":"repeat","background-position":"center center","background-size":"auto","background-attachment":"scroll","background-type":"","background-media":"","overlay-type":"","overlay-color":"","overlay-opacity":"","overlay-gradient":""},"tablet":{"background-color":"var(--ast-global-color-4)","background-image":"","background-repeat":"repeat","background-position":"center center","background-size":"auto","background-attachment":"scroll","background-type":"","background-media":"","overlay-type":"","overlay-color":"","overlay-opacity":"","overlay-gradient":""},"mobile":{"background-color":"var(--ast-global-color-4)","background-image":"","background-repeat":"repeat","background-position":"center center","background-size":"auto","background-attachment":"scroll","background-type":"","background-media":"","overlay-type":"","overlay-color":"","overlay-opacity":"","overlay-gradient":""}},"footnotes":""},"class_list":["post-1388","page","type-page","status-publish","hentry"],"_links":{"self":[{"href":"https:\/\/web59.tcparisnanterre.fr\/index.php\/wp-json\/wp\/v2\/pages\/1388","targetHints":{"allow":["GET"]}}],"collection":[{"href":"https:\/\/web59.tcparisnanterre.fr\/index.php\/wp-json\/wp\/v2\/pages"}],"about":[{"href":"https:\/\/web59.tcparisnanterre.fr\/index.php\/wp-json\/wp\/v2\/types\/page"}],"author":[{"embeddable":true,"href":"https:\/\/web59.tcparisnanterre.fr\/index.php\/wp-json\/wp\/v2\/users\/1"}],"replies":[{"embeddable":true,"href":"https:\/\/web59.tcparisnanterre.fr\/index.php\/wp-json\/wp\/v2\/comments?post=1388"}],"version-history":[{"count":13,"href":"https:\/\/web59.tcparisnanterre.fr\/index.php\/wp-json\/wp\/v2\/pages\/1388\/revisions"}],"predecessor-version":[{"id":1579,"href":"https:\/\/web59.tcparisnanterre.fr\/index.php\/wp-json\/wp\/v2\/pages\/1388\/revisions\/1579"}],"wp:attachment":[{"href":"https:\/\/web59.tcparisnanterre.fr\/index.php\/wp-json\/wp\/v2\/media?parent=1388"}],"curies":[{"name":"wp","href":"https:\/\/api.w.org\/{rel}","templated":true}]}}